{"id":1352,"date":"2024-02-28T10:44:10","date_gmt":"2024-02-28T09:44:10","guid":{"rendered":"https:\/\/www.baukom-group.de\/terms-and-conditions\/"},"modified":"2024-04-22T11:29:24","modified_gmt":"2024-04-22T09:29:24","slug":"terms-and-conditions","status":"publish","type":"page","link":"https:\/\/www.baukom-group.de\/en\/terms-and-conditions\/","title":{"rendered":"Terms and Conditions"},"content":{"rendered":"<div class=\"fusion-fullwidth fullwidth-box fusion-builder-row-1 fusion-flex-container nonhundred-percent-fullwidth non-hundred-percent-height-scrolling\" style=\"--awb-border-radius-top-left:0px;--awb-border-radius-top-right:0px;--awb-border-radius-bottom-right:0px;--awb-border-radius-bottom-left:0px;--awb-margin-top:5rem;--awb-flex-wrap:wrap;\" ><div class=\"fusion-builder-row fusion-row fusion-flex-align-items-flex-start fusion-flex-content-wrap\" style=\"max-width:1236px;margin-left: calc(-3% \/ 2 );margin-right: calc(-3% \/ 2 );\"><div class=\"fusion-layout-column fusion_builder_column fusion-builder-column-0 fusion_builder_column_1_1 1_1 fusion-flex-column\" style=\"--awb-bg-blend:overlay;--awb-bg-size:cover;--awb-width-large:100%;--awb-margin-top-large:0px;--awb-spacing-right-large:1.455%;--awb-margin-bottom-large:0px;--awb-spacing-left-large:1.455%;--awb-width-medium:100%;--awb-spacing-right-medium:1.455%;--awb-spacing-left-medium:1.455%;--awb-width-small:100%;--awb-spacing-right-small:1.455%;--awb-spacing-left-small:1.455%;\"><div class=\"fusion-column-wrapper fusion-flex-justify-content-flex-start fusion-content-layout-column\"><div class=\"fusion-title title fusion-title-1 fusion-sep-none fusion-title-text fusion-title-size-one\" style=\"--awb-margin-top:0px;--awb-margin-right:0px;--awb-margin-left:0px;--awb-margin-top-small:0px;--awb-margin-right-small:0px;--awb-margin-bottom-small:1rem;--awb-margin-left-small:0px;\"><h1 class=\"fusion-title-heading title-heading-left awb-responsive-type__disable\" style=\"margin:0;\">Terms and Conditions<\/h1><\/div><div class=\"fusion-text fusion-text-1\"><p><strong>\u00a71 Geltung und Bedingungen<\/strong><\/p>\n<p>1.1 Alle unsere Lieferungen, Verk\u00e4ufe und weitere Leistungen (im Folgenden als: \u201eLieferungen\u201c bezeichnet) erfolgen ausschlie\u00dflich nach Ma\u00dfgabe der nachstehenden Bedingungen. 1.2 Alle Vereinbarungen, die zwischen uns und dem Besteller zwecks Ausf\u00fchrung des Vertrages getroffen werden, sind in diesem Vertrag schriftlich niedergelegt. Es gelten erg\u00e4nzend die Produktinformationen in den einzelnen Verkaufs- und Gesch\u00e4ftsunterlagen. Davon abweichende oder entgegenstehende Bedingungen erkennen wir nicht an, sofern wir ihrer Geltung nicht ausdr\u00fccklich zugestimmt haben. 1.3 Sie finden Anwendung gegen\u00fcber Unternehmern, juristischen Personen des \u00f6ffentlichen Rechts und \u00f6ffentlich-rechtlichen Sonderverm\u00f6gen (Kunde). Der Kunde erkl\u00e4rt sich durch deren widerspruchslose Entgegennahme mit ihrer ausschlie\u00dflichen Geltung f\u00fcr die jeweilige Lieferung sowie f\u00fcr alle Folgegesch\u00e4fte einverstanden.<\/p>\n<p>&nbsp;<\/p>\n<p><strong>\u00a72 Angebot und Vertragsschluss<\/strong><\/p>\n<p>2.1 Bestellungen die als Angebote im Sinne der \u00a7\u00a7 145 ff. BGB anzusehen sind, k\u00f6nnen von uns innerhalb von 14 Tagen durch eine schriftliche Auftragsbest\u00e4tigung angenommen werden. All unsere Angebote sind freibleibend. Der Vertrag ist erst dann f\u00fcr uns verbindlich, wenn wir die Auftragsbest\u00e4tigung schriftlich erteilen. Bei der Erteilung einer Auftragsbest\u00e4tigung gehen wir stets davon aus, dass alle etwaig erforderlichen Genehmigungen erteilt worden sind. Ist dies nicht der Fall und f\u00fchrt dies zu St\u00f6rungen im Lieferablauf, so sind wir zur R\u00fccknahme unserer Willenserkl\u00e4rung berechtigt. 2.2 Alle unsere Kalkulationen, Abbildungen, Zeichnungen, als vertraulich \u00fcbersandte und sonstige Unterlagen unterliegen unseren Eigentums- und Urheberrechten. Eine Weitergabe an Dritte ist nur mit unserer ausdr\u00fccklichen schriftlichen Genehmigung zul\u00e4ssig. Erstellte Muster, Modelle und Werkzeuge bleiben unser Eigentum, auch dann wenn diese im Auftrag des Bestellers gefertigt wurden und dieser die angefallenen Kosten ganz oder teilweise tr\u00e4gt. 2.3 In Angeboten und Verkaufsunterlagen benannte Gewichts-, Ma\u00df.- und Mengenangeben liegen ebenso wie unseren Kalkulationen N\u00e4herungswerte zu Grunde. Von dieser Aussage abweichend k\u00f6nnen Angaben als verbindlich spezifiziert werden. 2.4 Es obliegt dem Besteller, die f\u00fcr die Lieferung erforderlichen Genehmigungen einzuholen und die sonstigen \u00f6ffentlich-rechtlichen Voraussetzungen zu schaffen und aufrecht zu erhalten um eine reibungslose Lieferung zu gew\u00e4hrleisten. Eine Abweichung hiervon stellen lediglich die ben\u00f6tigten Zollunterlagen f\u00fcr den Warenverkehr dar, welche durch die Baukom Bauprodukte GmbH erstellt und beigebracht werden.    <\/p>\n<p>&nbsp;<\/p>\n<p><strong>\u00a73 Preise <\/strong><\/p>\n<p>3.1 Alle unsere Preise verstehen sich als \u201eab Werk Preise\u201c f\u00fcr unsere Produktionsst\u00e4tte in Sinsheim-Reihen zzgl. der gesetzlichen Mehrwertsteuer. Eine Abweichung davon wird gesondert, und nach vorheriger Vereinbarung, auf der Auftragsbest\u00e4tigung aufgef\u00fchrt. 3.2 Eine Aufrechnung durch den Besteller ist nur dann zul\u00e4ssig, wenn seine Anspr\u00fcche entweder von uns schriftlich anerkannt oder gerichtlich, rechtskr\u00e4ftig festgestellt worden sind.  <\/p>\n<p>&nbsp;<\/p>\n<p><strong>\u00a74 Lieferzeit<\/strong><\/p>\n<p>4.1 Die genannten Lieferfristen sind unverbindlich, sofern nicht ausdr\u00fccklich schriftlich etwas anderes vereinbart wurde. 4.2 Lieferverz\u00f6gerungen aufgrund h\u00f6herer Gewalt und Ereignissen, die uns die Lieferung erschweren oder unm\u00f6glich machen &#8211; hierzu geh\u00f6ren auch nachtr\u00e4glich eingetretene Materialbeschaffungsschwierigkeiten, Betriebsst\u00f6rungen, Streik, Aussperrung, Personalmangel, Mangel an Transportmitteln, beh\u00f6rdliche Anordnung usw., auch wenn sie bei Lieferanten eintreten -, haben wir auch bei verbindlich vereinbarten Terminen nicht zu vertreten. Sie berechtigen uns, die Lieferung um die Dauer der Behinderung zzgl. einer angemessenen Anlaufzeit hinauszuschieben oder wegen des nicht erf\u00fcllten Teils ganz oder teilweise vom Vertrag zur\u00fcckzutreten. 4.3 Wir sind zu Teillieferungen jederzeit berechtigt. 4.4 Sofern wir die Nichteinhaltung verbindlich zugesagter Fristen und Termine zu vertreten haben oder uns in Verzug befinden, hat unser Kunde Anspruch auf Verzugsentsch\u00e4digung in H\u00f6he von 1\/2% f\u00fcr jede vollendete Woche des Verzuges, insgesamt jedoch h\u00f6chstens 5% des Rechnungswertes der vom Vertrag betroffenen Lieferung.<\/p>\n<p>&nbsp;<\/p>\n<p><strong>\u00a75 Gefahr\u00fcbergang<\/strong><\/p>\n<p>5.1 Analog zu unseren Preisen, erfolgen unsere Lieferungen \u201eab Werk\u201c. Mit der \u00dcbergabe an die den die den Transport ausf\u00fchrende Person geht die Gefahr auf den Besteller \u00fcber. Ausgenommen sind Lieferungen \u201eFrei Haus\u201c, in diesen F\u00e4llen erfolgt der Gefahr\u00fcbergang mit der \u00dcbergabe an den Besteller. 5.2 Die bei den Lieferungen anfallenden Verpackungen werden von der Baukom Bauprodukte GmbH nicht zur\u00fcckgenommen.  <\/p>\n<p>&nbsp;<\/p>\n<p><strong>\u00a76 Warenr\u00fccknahme<\/strong><\/p>\n<p>6.1 Eine Warenr\u00fccknahme ist nur dann m\u00f6glich, wenn seitens der Baukom Bauprodukte GmbH eine schriftliche Zustimmung vorliegt. In jedem Fall tr\u00e4gt der Besteller die Kosten der Warenr\u00fccknahme (Speditionskosten, Kosten f\u00fcr Neuverpackung, Abschl\u00e4ge f\u00fcr Warenzustand usw.). 6.2 Dem Besteller wird nach erfolgter R\u00fccknahme der bezahlte Preis, verringert um die Kosten der Warenr\u00fccknahme sowie einer Bearbeitungsgeb\u00fchr in H\u00f6he von 20% der Bestellsumme, zur\u00fcckerstattet. <\/p>\n<p>&nbsp;<\/p>\n<p><strong>\u00a77 Gew\u00e4hrleistung<\/strong><\/p>\n<p>7.1 Die gesetzliche Gew\u00e4hrleistungsfrist betr\u00e4gt 24 Monate und beginnt mit dem Lieferdatum. Im Falle eines reinen B2B Gesch\u00e4fts verringert sich die Gew\u00e4hrleistungsfrist auf 12 Monate. Als Lieferdatum im Sinne dieser AGB gilt der Zeitpunkt, an dem eine Lieferung dem Verf\u00fcgungsbereich eines Dritten zugeht. 7.2 Im Falle einer Beanstandung innerhalb der Gew\u00e4hrleistungsfrist gelten die Regelungen der \u00a7\u00a7 433 ff. BGB. Die Rechte zur Nachbesserung nach einer Mangelr\u00fcge gelten ausdr\u00fccklich als in den Vertrag eingeschlossen. Eine Nachbesserung erfolgt zu identischen Bedingungen wie die origin\u00e4re Lieferung. 7.3 Die Baukom Bauprodukte GmbH geht bei M\u00e4ngelr\u00fcgen von einer berechtigten, h\u00f6chstens aber fahrl\u00e4ssigen M\u00e4ngelr\u00fcge sowie der Beachtung aller technischen Merkbl\u00e4tter und Produktinformationen aus. Erweist sich eine M\u00e4ngelr\u00fcge als unbegr\u00fcndet und der ger\u00fcgte Umstand ist auf eine vors\u00e4tzliche oder grob f\u00e4hrl\u00e4ssige Missachtung ebendieser Bedingungen zur\u00fcckzuf\u00fchren, so kann die Baukom GmbH die, zur Behebung der unrechtm\u00e4\u00dfig erhobenen M\u00e4ngelr\u00fcge entstandenen Kosten dem Besteller verbindlich in Rechnung stellen.  <\/p>\n<p>&nbsp;<\/p>\n<p><strong>\u00a7 8 Haftungsbeschr\u00e4nkung<\/strong><\/p>\n<p>8.1 Eine Haftung, die die Regelungen \u00a7 7erweitert ist grunds\u00e4tzlich ausgeschlossen. Dies gilt insbesondere f\u00fcr Schadensersatzanspr\u00fcche aus Verschulden bei Vertragsabschluss, wegen sonstiger Pflichtverletzungen oder wegen deliktischer Anspr\u00fcche auf Ersatz von Sachsch\u00e4den gem\u00e4\u00df \u00a7 823 BGB, soweit kein vors\u00e4tzliches oder grob fahrl\u00e4ssiges Handeln vorliegt. 8.2 Diese Einschr\u00e4nkung erstreckt sich auch auf die Mitarbeiter, Vertreter und sonstigen mit der Baukom Bauprodukte GmbH im juristischen Sinne direkt verbundenen Personen und Gesellschaften. <\/p>\n<p>&nbsp;<\/p>\n<p><strong>\u00a7 9 EDV Verarbeitung<\/strong><\/p>\n<p>9.1 Die uns von Bestellern \u00fcbermittelten Daten oder beteiligter Dritter speichern wir EDV-m\u00e4\u00dfig zur weiteren Verarbeitung, wenn dies zur ordnungsgem\u00e4\u00dfen Abwicklung der vertraglichen Beziehungen erforderlich ist. Im Rahmen der Verarbeitung kann es auch zu einer \u00dcbermittlung vorgenannter Daten an andere Stellen und Unternehmen kommen. 9.2 Einer auftragsbezogenen Speicherung, Verarbeitung und Weitergabe der relevanten Daten stimmt der Besteller ausdr\u00fccklich zu. Die g\u00fcltigen Anforderungen des Datenschutzes werden bei jedem der vorgenannten Prozesse eingehalten. <\/p>\n<p>&nbsp;<\/p>\n<p><strong>\u00a710 Eigentumsvorbehalt<\/strong><\/p>\n<p>10.1 Bis zur Erf\u00fcllung aller Forderungen (einschlie\u00dflich aller Saldoforderungen aus Kontokorrent), die uns aus jedem Rechtsgrund gegen unseren Kunden jetzt oder k\u00fcnftig zustehen, werden uns die folgenden Sicherheiten gew\u00e4hrt, die auf Verlangen nach unserer Wahl freigegeben werden, soweit ihr Wert die Forderungen nachhaltig um mehr als 20% \u00fcbersteigt. 10.2 Die Ware bleibt unser Eigentum. Verarbeitung und Umbildung erfolgen stets f\u00fcr uns als Hersteller, jedoch ohne Verpflichtung f\u00fcr uns. Erlischt unser (Mit-)Eigentum durch Verbindung, so wird bereits jetzt vereinbart, dass das (Mit-)Eigentum des Kunden an der einheitlichen Sache wertanteilm\u00e4\u00dfig (Rechnungswert) auf uns \u00fcbergeht. Unser Kunde verwahrt unser (Mit-)Eigentum unentgeltlich. Ware, an der uns (Mit-)Eigentum zusteht, wird im folgenden als Vorbehaltsware bezeichnet. 10.3 Unser Kunde ist berechtigt die Vorbehaltsware im ordnungsgem\u00e4\u00dfen Gesch\u00e4ftsverkehr zu verarbeiten und zu ver\u00e4u\u00dfern, solange er nicht in Verzug ist. Verpf\u00e4ndungen oder Sicherungs\u00fcbereignungen sind unzul\u00e4ssig. Die aus dem Weiterverkauf oder einem sonstigen Rechtsgrund (Versicherung, unerlaubte Handlung) bzgl. der Vorbehaltsware entstehende Forderungen (einschl. Saldoforderungen aus Kontokorrent) tritt unser Kunde bereits jetzt sicherungshalber in vollem Umfang an uns ab. Wir erm\u00e4chtigen ihn widerruflich, die an uns abgetretenen Forderungen f\u00fcr unsere Rechnung im eigenen Namen einzuziehen. Diese Einziehungserm\u00e4chtigung kann nur widerrufen werden, wenn unser Kunde seinen Zahlungsverpflichtungen nicht ordnungsgem\u00e4\u00df nachkommt. 10.4 Bei Zugriff Dritter auf die Vorbehaltsware wird unser Kunde auf das Eigentum von uns hinweisen und diesen unverz\u00fcglich benachrichtigen. 10.5 Bei vertragswidrigem Verhalten unseres Kunden insbesondere Zahlungsverzug sind wir berechtigt, die Vorbehaltsware zur\u00fcckzunehmen oder gegebenenfalls Abtretung der Herausgabeanspr\u00fcche unseres Kunden gegen Dritte zu verlangen. In der Zur\u00fccknahme sowie in der Pf\u00e4ndung der Vorbehaltsware durch uns liegt, soweit nicht das Abzahlungsgesetz Anwendung findet, kein R\u00fccktritt vom Vertrag.<\/p>\n<p>&nbsp;<\/p>\n<p><strong>\u00a711 Zahlung<\/strong><\/p>\n<p>11.1 Soweit nicht anders vereinbart, sind unsere Rechnungen innerhalb von 10 Tagen mit 2% Skonto oder innerhalb 30 Tagen nach Rechnungsstellung ohne Abzug zahlbar. Wir sind berechtigt, trotz anders lautender Bestimmungen unserer Kunden Zahlungen zun\u00e4chst auf dessen \u00e4ltere Schuld anzurechnen. 11.2 Die Zahlung hat in der Weise zu erfolgen, dass wir am F\u00e4lligkeitstag \u00fcber den Betrag verf\u00fcgen k\u00f6nnen. 11.3 Ger\u00e4t unser Kunde in Verzug, so sind wir berechtigt, von dem betreffenden Zeitpunkt ab Zinsen in H\u00f6he des von den Gesch\u00e4ftsbanken berechneten Zinssatzes f\u00fcr offene Kontokorrentkredite zu berechnen. 11.4 Wenn unser Kunde seinen Zahlungsverpflichtungen nicht nachkommt, insbesondere einen Scheck nicht einl\u00f6st oder seine Zahlungen einstellt, oder uns andere Umst\u00e4nde bekannt werden, die die Kreditw\u00fcrdigkeit des Kunden in Frage stellen, so sind wir berechtigt, die gesamte Restschuld f\u00e4llig zu stellen, auch wenn wir Schecks angenommen haben. Wir sind in diesem Falle au\u00dferdem berechtigt, Vorauszahlungen oder Sicherheitsleistungen zu verlangen. 11.5 Unser Kunde ist zur Aufrechnung, Zur\u00fcckbehaltung oder Minderung, auch wenn M\u00e4ngelr\u00fcgen oder Gegenanspr\u00fcche geltend gemacht werden, nur berechtigt, wenn die Gegenanspr\u00fcche rechtskr\u00e4ftig festgestellt wurden oder unstreitig sind. <\/p>\n<p>&nbsp;<\/p>\n<p><strong>\u00a7 12 Gerichtsstand, Rechtswirksamkeit<\/strong><\/p>\n<p>12.1 Erf\u00fcllungsort im Rahmen des Zahlungsverkehrs ist Sinsheim. Der Erf\u00fcllungsort f\u00fcr unsere Lieferungen ist stets das Werk oder das Lager, von dem aus die Ware zur Abholung bereitgehalten oder versendet wird; hierbei kann es sich auch um das Werk oder Lager eines Dritten handeln. 12.2 Sofern der Besteller Kaufmann oder Juristische Person ist oder er keinen allgemeinen Gerichtsstand im Inland hat, so ist der Sitz der Baukom Bauprodukte GmbH (Sinsheim) ausschlie\u00dflicher Gerichtsstand f\u00fcr alle sich aus dem Gesch\u00e4ftsverh\u00e4ltnis ergebenden Streitigkeiten. Wir sind berechtigt, nach eigenem ermessen jedes andere, gesetzlich zust\u00e4ndige Gericht anzurufen. 12.3 Es gilt das Recht der Bundesrepublik Deutschland; die Geltung des UN-Kaufrechts ist ausgeschlossen. <\/p>\n<\/div><\/div><\/div><\/div><\/div>\n","protected":false},"excerpt":{"rendered":"","protected":false},"author":2,"featured_media":0,"parent":0,"menu_order":0,"comment_status":"closed","ping_status":"closed","template":"100-width.php","meta":{"footnotes":""},"class_list":["post-1352","page","type-page","status-publish","hentry"],"yoast_head":"<!-- This site is optimized with the Yoast SEO plugin v27.4 - https:\/\/yoast.com\/product\/yoast-seo-wordpress\/ -->\n<title>Terms and Conditions - baukom<\/title>\n<meta name=\"description\" content=\"General terms and conditions of Baukom Bauprodukte GmbH\" \/>\n<meta name=\"robots\" content=\"index, follow, max-snippet:-1, max-image-preview:large, max-video-preview:-1\" \/>\n<link rel=\"canonical\" href=\"https:\/\/www.baukom-group.de\/en\/terms-and-conditions\/\" \/>\n<meta property=\"og:locale\" content=\"en_US\" \/>\n<meta property=\"og:type\" content=\"article\" \/>\n<meta property=\"og:title\" content=\"Terms and Conditions - baukom\" \/>\n<meta property=\"og:description\" content=\"General terms and conditions of Baukom Bauprodukte GmbH\" \/>\n<meta property=\"og:url\" content=\"https:\/\/www.baukom-group.de\/en\/terms-and-conditions\/\" \/>\n<meta property=\"og:site_name\" content=\"baukom\" \/>\n<meta property=\"article:publisher\" content=\"https:\/\/www.facebook.com\/BaukomBauprodukte\/\" \/>\n<meta property=\"article:modified_time\" content=\"2024-04-22T09:29:24+00:00\" \/>\n<meta name=\"twitter:card\" content=\"summary_large_image\" \/>\n<meta name=\"twitter:label1\" content=\"Est. reading time\" \/>\n\t<meta name=\"twitter:data1\" content=\"9 minutes\" \/>\n<script type=\"application\/ld+json\" class=\"yoast-schema-graph\">{\"@context\":\"https:\\\/\\\/schema.org\",\"@graph\":[{\"@type\":\"WebPage\",\"@id\":\"https:\\\/\\\/www.baukom-group.de\\\/en\\\/terms-and-conditions\\\/\",\"url\":\"https:\\\/\\\/www.baukom-group.de\\\/en\\\/terms-and-conditions\\\/\",\"name\":\"Terms and Conditions - baukom\",\"isPartOf\":{\"@id\":\"https:\\\/\\\/www.baukom-group.de\\\/en\\\/#website\"},\"datePublished\":\"2024-02-28T09:44:10+00:00\",\"dateModified\":\"2024-04-22T09:29:24+00:00\",\"description\":\"General terms and conditions of Baukom Bauprodukte GmbH\",\"breadcrumb\":{\"@id\":\"https:\\\/\\\/www.baukom-group.de\\\/en\\\/terms-and-conditions\\\/#breadcrumb\"},\"inLanguage\":\"en-US\",\"potentialAction\":[{\"@type\":\"ReadAction\",\"target\":[\"https:\\\/\\\/www.baukom-group.de\\\/en\\\/terms-and-conditions\\\/\"]}]},{\"@type\":\"BreadcrumbList\",\"@id\":\"https:\\\/\\\/www.baukom-group.de\\\/en\\\/terms-and-conditions\\\/#breadcrumb\",\"itemListElement\":[{\"@type\":\"ListItem\",\"position\":1,\"name\":\"Startseite\",\"item\":\"https:\\\/\\\/www.baukom-group.de\\\/en\\\/\"},{\"@type\":\"ListItem\",\"position\":2,\"name\":\"Terms and Conditions\"}]},{\"@type\":\"WebSite\",\"@id\":\"https:\\\/\\\/www.baukom-group.de\\\/en\\\/#website\",\"url\":\"https:\\\/\\\/www.baukom-group.de\\\/en\\\/\",\"name\":\"baukom Sinsheim\",\"description\":\"\",\"publisher\":{\"@id\":\"https:\\\/\\\/www.baukom-group.de\\\/en\\\/#organization\"},\"potentialAction\":[{\"@type\":\"SearchAction\",\"target\":{\"@type\":\"EntryPoint\",\"urlTemplate\":\"https:\\\/\\\/www.baukom-group.de\\\/en\\\/?s={search_term_string}\"},\"query-input\":{\"@type\":\"PropertyValueSpecification\",\"valueRequired\":true,\"valueName\":\"search_term_string\"}}],\"inLanguage\":\"en-US\"},{\"@type\":\"Organization\",\"@id\":\"https:\\\/\\\/www.baukom-group.de\\\/en\\\/#organization\",\"name\":\"Baukom Bauprodukte GmbH\",\"url\":\"https:\\\/\\\/www.baukom-group.de\\\/en\\\/\",\"logo\":{\"@type\":\"ImageObject\",\"inLanguage\":\"en-US\",\"@id\":\"https:\\\/\\\/www.baukom-group.de\\\/en\\\/#\\\/schema\\\/logo\\\/image\\\/\",\"url\":\"https:\\\/\\\/www.baukom-group.de\\\/wp-content\\\/uploads\\\/2024\\\/02\\\/logo-baukom.svg\",\"contentUrl\":\"https:\\\/\\\/www.baukom-group.de\\\/wp-content\\\/uploads\\\/2024\\\/02\\\/logo-baukom.svg\",\"width\":1647,\"height\":584,\"caption\":\"Baukom Bauprodukte GmbH\"},\"image\":{\"@id\":\"https:\\\/\\\/www.baukom-group.de\\\/en\\\/#\\\/schema\\\/logo\\\/image\\\/\"},\"sameAs\":[\"https:\\\/\\\/www.facebook.com\\\/BaukomBauprodukte\\\/\",\"https:\\\/\\\/www.youtube.com\\\/@baukomgmbh8703\",\"https:\\\/\\\/www.linkedin.com\\\/company\\\/baukom-bauprodukte-gmbh\\\/\",\"https:\\\/\\\/www.xing.com\\\/pages\\\/baukombauproduktegmbh\"]}]}<\/script>\n<!-- \/ Yoast SEO plugin. -->","yoast_head_json":{"title":"Terms and Conditions - baukom","description":"General terms and conditions of Baukom Bauprodukte GmbH","robots":{"index":"index","follow":"follow","max-snippet":"max-snippet:-1","max-image-preview":"max-image-preview:large","max-video-preview":"max-video-preview:-1"},"canonical":"https:\/\/www.baukom-group.de\/en\/terms-and-conditions\/","og_locale":"en_US","og_type":"article","og_title":"Terms and Conditions - baukom","og_description":"General terms and conditions of Baukom Bauprodukte GmbH","og_url":"https:\/\/www.baukom-group.de\/en\/terms-and-conditions\/","og_site_name":"baukom","article_publisher":"https:\/\/www.facebook.com\/BaukomBauprodukte\/","article_modified_time":"2024-04-22T09:29:24+00:00","twitter_card":"summary_large_image","twitter_misc":{"Est. reading time":"9 minutes"},"schema":{"@context":"https:\/\/schema.org","@graph":[{"@type":"WebPage","@id":"https:\/\/www.baukom-group.de\/en\/terms-and-conditions\/","url":"https:\/\/www.baukom-group.de\/en\/terms-and-conditions\/","name":"Terms and Conditions - baukom","isPartOf":{"@id":"https:\/\/www.baukom-group.de\/en\/#website"},"datePublished":"2024-02-28T09:44:10+00:00","dateModified":"2024-04-22T09:29:24+00:00","description":"General terms and conditions of Baukom Bauprodukte GmbH","breadcrumb":{"@id":"https:\/\/www.baukom-group.de\/en\/terms-and-conditions\/#breadcrumb"},"inLanguage":"en-US","potentialAction":[{"@type":"ReadAction","target":["https:\/\/www.baukom-group.de\/en\/terms-and-conditions\/"]}]},{"@type":"BreadcrumbList","@id":"https:\/\/www.baukom-group.de\/en\/terms-and-conditions\/#breadcrumb","itemListElement":[{"@type":"ListItem","position":1,"name":"Startseite","item":"https:\/\/www.baukom-group.de\/en\/"},{"@type":"ListItem","position":2,"name":"Terms and Conditions"}]},{"@type":"WebSite","@id":"https:\/\/www.baukom-group.de\/en\/#website","url":"https:\/\/www.baukom-group.de\/en\/","name":"baukom Sinsheim","description":"","publisher":{"@id":"https:\/\/www.baukom-group.de\/en\/#organization"},"potentialAction":[{"@type":"SearchAction","target":{"@type":"EntryPoint","urlTemplate":"https:\/\/www.baukom-group.de\/en\/?s={search_term_string}"},"query-input":{"@type":"PropertyValueSpecification","valueRequired":true,"valueName":"search_term_string"}}],"inLanguage":"en-US"},{"@type":"Organization","@id":"https:\/\/www.baukom-group.de\/en\/#organization","name":"Baukom Bauprodukte GmbH","url":"https:\/\/www.baukom-group.de\/en\/","logo":{"@type":"ImageObject","inLanguage":"en-US","@id":"https:\/\/www.baukom-group.de\/en\/#\/schema\/logo\/image\/","url":"https:\/\/www.baukom-group.de\/wp-content\/uploads\/2024\/02\/logo-baukom.svg","contentUrl":"https:\/\/www.baukom-group.de\/wp-content\/uploads\/2024\/02\/logo-baukom.svg","width":1647,"height":584,"caption":"Baukom Bauprodukte GmbH"},"image":{"@id":"https:\/\/www.baukom-group.de\/en\/#\/schema\/logo\/image\/"},"sameAs":["https:\/\/www.facebook.com\/BaukomBauprodukte\/","https:\/\/www.youtube.com\/@baukomgmbh8703","https:\/\/www.linkedin.com\/company\/baukom-bauprodukte-gmbh\/","https:\/\/www.xing.com\/pages\/baukombauproduktegmbh"]}]}},"_links":{"self":[{"href":"https:\/\/www.baukom-group.de\/en\/wp-json\/wp\/v2\/pages\/1352","targetHints":{"allow":["GET"]}}],"collection":[{"href":"https:\/\/www.baukom-group.de\/en\/wp-json\/wp\/v2\/pages"}],"about":[{"href":"https:\/\/www.baukom-group.de\/en\/wp-json\/wp\/v2\/types\/page"}],"author":[{"embeddable":true,"href":"https:\/\/www.baukom-group.de\/en\/wp-json\/wp\/v2\/users\/2"}],"replies":[{"embeddable":true,"href":"https:\/\/www.baukom-group.de\/en\/wp-json\/wp\/v2\/comments?post=1352"}],"version-history":[{"count":0,"href":"https:\/\/www.baukom-group.de\/en\/wp-json\/wp\/v2\/pages\/1352\/revisions"}],"wp:attachment":[{"href":"https:\/\/www.baukom-group.de\/en\/wp-json\/wp\/v2\/media?parent=1352"}],"curies":[{"name":"wp","href":"https:\/\/api.w.org\/{rel}","templated":true}]}}